{"id":115,"date":"2024-07-03T19:48:28","date_gmt":"2024-07-03T17:48:28","guid":{"rendered":"https:\/\/apsara-ayurveda.com\/?page_id=115"},"modified":"2024-12-04T21:15:49","modified_gmt":"2024-12-04T20:15:49","slug":"lifestyle","status":"publish","type":"page","link":"https:\/\/apsara-ayurveda.com\/index.php\/lifestyle\/","title":{"rendered":"Lifestyle"},"content":{"rendered":"\t\t<div data-elementor-type=\"wp-page\" data-elementor-id=\"115\" class=\"elementor elementor-115\">\n\t\t\t\t<div class=\"elementor-element elementor-element-8cb9375 e-flex e-con-boxed wpr-particle-no wpr-jarallax-no wpr-parallax-no wpr-sticky-section-no wpr-equal-height-no e-con e-parent\" data-id=\"8cb9375\" data-element_type=\"container\" data-e-type=\"container\">\n\t\t\t\t\t<div class=\"e-con-inner\">\n\t\t<div class=\"elementor-element elementor-element-74a91ac e-con-full e-flex wpr-particle-no wpr-jarallax-no wpr-parallax-no wpr-sticky-section-no wpr-equal-height-no e-con e-child\" data-id=\"74a91ac\" data-element_type=\"container\" data-e-type=\"container\">\n\t\t\t\t<div class=\"elementor-element elementor-element-f20378f elementor-widget elementor-widget-image\" data-id=\"f20378f\" data-element_type=\"widget\" data-e-type=\"widget\" data-widget_type=\"image.default\">\n\t\t\t\t<div class=\"elementor-widget-container\">\n\t\t\t\t\t\t\t\t\t\t\t\t\t\t\t<img fetchpriority=\"high\" decoding=\"async\" width=\"640\" height=\"960\" src=\"https:\/\/apsara-ayurveda.com\/wp-content\/uploads\/2024\/09\/pexels-ian-panelo-3230236-1.jpg\" class=\"attachment-large size-large wp-image-1830\" alt=\"\" srcset=\"https:\/\/apsara-ayurveda.com\/wp-content\/uploads\/2024\/09\/pexels-ian-panelo-3230236-1.jpg 640w, https:\/\/apsara-ayurveda.com\/wp-content\/uploads\/2024\/09\/pexels-ian-panelo-3230236-1-200x300.jpg 200w\" sizes=\"(max-width: 640px) 100vw, 640px\" \/>\t\t\t\t\t\t\t\t\t\t\t\t\t\t\t<\/div>\n\t\t\t\t<\/div>\n\t\t\t\t<\/div>\n\t\t<div class=\"elementor-element elementor-element-bfc9beb e-con-full e-flex wpr-particle-no wpr-jarallax-no wpr-parallax-no wpr-sticky-section-no wpr-equal-height-no e-con e-child\" data-id=\"bfc9beb\" data-element_type=\"container\" data-e-type=\"container\">\n\t\t\t\t<div class=\"elementor-element elementor-element-bb0b660 elementor-widget elementor-widget-heading\" data-id=\"bb0b660\" data-element_type=\"widget\" data-e-type=\"widget\" data-widget_type=\"heading.default\">\n\t\t\t\t<div class=\"elementor-widget-container\">\n\t\t\t\t\t<h2 class=\"elementor-heading-title elementor-size-default\">Le Massage en Ayurveda\n<\/h2>\t\t\t\t<\/div>\n\t\t\t\t<\/div>\n\t\t\t\t<div class=\"elementor-element elementor-element-f413dcb elementor-widget elementor-widget-text-editor\" data-id=\"f413dcb\" data-element_type=\"widget\" data-e-type=\"widget\" data-widget_type=\"text-editor.default\">\n\t\t\t\t<div class=\"elementor-widget-container\">\n\t\t\t\t\t\t\t\t\t<p><span style=\"font-weight: 400;\">Le massage est une composante essentielle de l&rsquo;ayurveda. Cette pratique ancestrale vise \u00e0 r\u00e9tablir l&rsquo;harmonie entre les diff\u00e9rentes couches du corps (physique, \u00e9nerg\u00e9tique, mental, etc\u2026), en utilisant des techniques vari\u00e9es adapt\u00e9es aux besoins individuels.<\/span><\/p><p><span style=\"font-weight: 400;\">On utilise des huiles v\u00e9g\u00e9tales (s\u00e9same, coco, moutarde ou olive) parfois infus\u00e9es d&rsquo;herbes sp\u00e9cifiques.<\/span><span style=\"font-weight: 400;\"><br \/><\/span><span style=\"font-weight: 400;\">Ainsi la peau et les chairs sont nourries, la circulation est stimul\u00e9e, et le travail d\u2019\u00e9limination des toxines est soutenu.<\/span><span style=\"font-weight: 400;\"><br \/><\/span><span style=\"font-weight: 400;\">Ces techniques permettent de revitaliser le corps, de d\u00e9tendre les muscles et de calmer l&rsquo;esprit, offrant une exp\u00e9rience holistique de bien-\u00eatre.<\/span><\/p><p><span style=\"font-weight: 400;\">Chaque s\u00e9ance de massage est personnalis\u00e9e en fonction des doshas (Vata, Pitta, Kapha) et des d\u00e9s\u00e9quilibres sp\u00e9cifiques de chaque individu. <\/span><span style=\"font-weight: 400;\"><br \/><\/span><span style=\"font-weight: 400;\"><br \/><\/span><span style=\"font-weight: 400;\">Les bienfaits du massage ayurv\u00e9dique sont nombreux : r\u00e9duction du stress, am\u00e9lioration de la qualit\u00e9 du sommeil, renforcement du syst\u00e8me immunitaire et augmentation de l&rsquo;\u00e9nergie vitale.<\/span><\/p><p><span style=\"font-weight: 400;\">Laissez-vous emporter par une exp\u00e9rience de relaxation profonde et de renouveau, enracin\u00e9e dans la sagesse ancestrale de l&rsquo;Inde.<\/span><\/p>\t\t\t\t\t\t\t\t<\/div>\n\t\t\t\t<\/div>\n\t\t<div class=\"elementor-element elementor-element-b61d1f1 e-con-full e-flex wpr-particle-no wpr-jarallax-no wpr-parallax-no wpr-sticky-section-no wpr-equal-height-no e-con e-child\" data-id=\"b61d1f1\" data-element_type=\"container\" data-e-type=\"container\">\n\t\t\t\t<div class=\"elementor-element elementor-element-17113de elementor-align-center elementor-widget elementor-widget-button\" data-id=\"17113de\" data-element_type=\"widget\" data-e-type=\"widget\" data-widget_type=\"button.default\">\n\t\t\t\t<div class=\"elementor-widget-container\">\n\t\t\t\t\t\t\t\t\t<div class=\"elementor-button-wrapper\">\n\t\t\t\t\t<a class=\"elementor-button elementor-size-sm elementor-animation-shrink\" role=\"button\">\n\t\t\t\t\t\t<span class=\"elementor-button-content-wrapper\">\n\t\t\t\t\t\t\t\t\t<span class=\"elementor-button-text\">D\u00e9couvrir nos massages<\/span>\n\t\t\t\t\t<\/span>\n\t\t\t\t\t<\/a>\n\t\t\t\t<\/div>\n\t\t\t\t\t\t\t\t<\/div>\n\t\t\t\t<\/div>\n\t\t\t\t<\/div>\n\t\t\t\t<\/div>\n\t\t\t\t\t<\/div>\n\t\t\t\t<\/div>\n\t\t<div class=\"elementor-element elementor-element-3caeb66 e-flex e-con-boxed wpr-particle-no wpr-jarallax-no wpr-parallax-no wpr-sticky-section-no wpr-equal-height-no e-con e-parent\" data-id=\"3caeb66\" data-element_type=\"container\" data-e-type=\"container\">\n\t\t\t\t\t<div class=\"e-con-inner\">\n\t\t<div class=\"elementor-element elementor-element-6fd1997 e-con-full e-flex wpr-particle-no wpr-jarallax-no wpr-parallax-no wpr-sticky-section-no wpr-equal-height-no e-con e-child\" data-id=\"6fd1997\" data-element_type=\"container\" data-e-type=\"container\">\n\t\t\t\t<div class=\"elementor-element elementor-element-31b6cba elementor-widget elementor-widget-heading\" data-id=\"31b6cba\" data-element_type=\"widget\" data-e-type=\"widget\" data-widget_type=\"heading.default\">\n\t\t\t\t<div class=\"elementor-widget-container\">\n\t\t\t\t\t<h2 class=\"elementor-heading-title elementor-size-default\">L'alimentation en Ayurveda\n<\/h2>\t\t\t\t<\/div>\n\t\t\t\t<\/div>\n\t\t\t\t<div class=\"elementor-element elementor-element-d82eb5a elementor-widget elementor-widget-text-editor\" data-id=\"d82eb5a\" data-element_type=\"widget\" data-e-type=\"widget\" data-widget_type=\"text-editor.default\">\n\t\t\t\t<div class=\"elementor-widget-container\">\n\t\t\t\t\t\t\t\t\t<p><span style=\"font-weight: 400;\">L&rsquo;alimentation joue un r\u00f4le fondamental en ayurveda. En effet, la nourriture n&rsquo;est pas seulement une source de nutrition, mais aussi un moyen de maintenir l&rsquo;\u00e9quilibre et l&rsquo;harmonie entre le corps, l&rsquo;esprit et l&rsquo;\u00e2me.<\/span><\/p><p><span style=\"font-weight: 400;\">L&rsquo;ayurveda enseigne que chaque individu est unique, et que l&rsquo;alimentation doit \u00eatre adapt\u00e9e aux doshas (Vata, Pitta, Kapha) de chacun. En comprenant votre constitution ayurv\u00e9dique, vous pouvez choisir des aliments qui \u00e9quilibrent vos \u00e9nergies et favorisent une sant\u00e9 optimale.<\/span><\/p><p><span style=\"font-weight: 400;\">Les principes de l&rsquo;alimentation ayurv\u00e9dique incluent :<\/span><\/p><ol><li style=\"font-weight: 400;\" aria-level=\"1\"><b>Qualit\u00e9 et fra\u00eecheur<\/b><span style=\"font-weight: 400;\"> : Consommer des aliments frais, naturels et non transform\u00e9s pour maximiser leur pr\u00e2na (\u00e9nergie vitale).<\/span><\/li><li style=\"font-weight: 400;\" aria-level=\"1\"><b>\u00c9quilibre des saveurs<\/b><span style=\"font-weight: 400;\"> : Int\u00e9grer les six saveurs dans chaque repas pour satisfaire tous les aspects de notre \u00eatre. Les six saveurs sont le sucr\u00e9, le sal\u00e9, l\u2019acide, le piquant, l\u2019amer et l\u2019astringent.<\/span><\/li><li style=\"font-weight: 400;\" aria-level=\"1\"><b>Routines alimentaires<\/b><span style=\"font-weight: 400;\"> : Manger \u00e0 des heures r\u00e9guli\u00e8res et dans un environnement paisible pour faciliter la digestion et l&rsquo;assimilation des nutriments.<\/span><\/li><li style=\"font-weight: 400;\" aria-level=\"1\"><b>Commodit\u00e9s alimentaires<\/b><span style=\"font-weight: 400;\"> : Pr\u00e9parer des repas chauds et nourrissants qui sont facilement digestibles, et \u00e9viter les combinaisons alimentaires incompatibles qui peuvent perturber la digestion.<\/span><\/li><\/ol><p>5.<b> \u00c9coute du corps<\/b><span style=\"font-weight: 400;\"> : Pr\u00eater attention aux signaux de faim et de sati\u00e9t\u00e9, et choisir des aliments qui correspondent \u00e0 vos besoins physiques et \u00e9motionnels.<\/span><\/p>\t\t\t\t\t\t\t\t<\/div>\n\t\t\t\t<\/div>\n\t\t\t\t<\/div>\n\t\t<div class=\"elementor-element elementor-element-43c635c e-con-full e-flex wpr-particle-no wpr-jarallax-no wpr-parallax-no wpr-sticky-section-no wpr-equal-height-no e-con e-child\" data-id=\"43c635c\" data-element_type=\"container\" data-e-type=\"container\">\n\t\t\t\t<div class=\"elementor-element elementor-element-9803e71 elementor-widget elementor-widget-image\" data-id=\"9803e71\" data-element_type=\"widget\" data-e-type=\"widget\" data-widget_type=\"image.default\">\n\t\t\t\t<div class=\"elementor-widget-container\">\n\t\t\t\t\t\t\t\t\t\t\t\t\t\t\t<img decoding=\"async\" width=\"640\" height=\"360\" src=\"https:\/\/apsara-ayurveda.com\/wp-content\/uploads\/2024\/09\/chinh-le-duc-vuDXJ60mJOA-unsplash-e1726565250521.jpg\" class=\"attachment-large size-large wp-image-1829\" alt=\"\" srcset=\"https:\/\/apsara-ayurveda.com\/wp-content\/uploads\/2024\/09\/chinh-le-duc-vuDXJ60mJOA-unsplash-e1726565250521.jpg 640w, https:\/\/apsara-ayurveda.com\/wp-content\/uploads\/2024\/09\/chinh-le-duc-vuDXJ60mJOA-unsplash-e1726565250521-300x169.jpg 300w\" sizes=\"(max-width: 640px) 100vw, 640px\" \/>\t\t\t\t\t\t\t\t\t\t\t\t\t\t\t<\/div>\n\t\t\t\t<\/div>\n\t\t\t\t<div class=\"elementor-element elementor-element-c14b343 elementor-widget elementor-widget-text-editor\" data-id=\"c14b343\" data-element_type=\"widget\" data-e-type=\"widget\" data-widget_type=\"text-editor.default\">\n\t\t\t\t<div class=\"elementor-widget-container\">\n\t\t\t\t\t\t\t\t\t<p><span style=\"font-weight: 400;\">En plus de ces principes, l&rsquo;ayurveda recommande des herbes et des \u00e9pices sp\u00e9cifiques pour soutenir la digestion, am\u00e9liorer le m\u00e9tabolisme et renforcer l&rsquo;immunit\u00e9. Des pratiques comme le je\u00fbne intermittent et les d\u00e9toxifications saisonni\u00e8res sont \u00e9galement utilis\u00e9es pour purifier le corps et r\u00e9tablir l&rsquo;\u00e9quilibre.<\/span><\/p><p><span style=\"font-weight: 400;\">L&rsquo;alimentation ayurv\u00e9dique ne se limite pas \u00e0 ce que nous mangeons, mais englobe \u00e9galement comment nous mangeons. En adoptant une approche consciente et attentive \u00e0 notre alimentation, nous pouvons am\u00e9liorer notre sant\u00e9, notre vitalit\u00e9 et notre bien-\u00eatre g\u00e9n\u00e9ral.<\/span><\/p><p><span style=\"font-weight: 400;\">Explorez avec nous les bienfaits de l&rsquo;alimentation ayurv\u00e9dique et d\u00e9couvrez comment ces principes ancestraux peuvent transformer votre relation avec la nourriture et enrichir votre vie quotidienne.<\/span><\/p>\t\t\t\t\t\t\t\t<\/div>\n\t\t\t\t<\/div>\n\t\t<div class=\"elementor-element elementor-element-6995806 e-con-full e-flex wpr-particle-no wpr-jarallax-no wpr-parallax-no wpr-sticky-section-no wpr-equal-height-no e-con e-child\" data-id=\"6995806\" data-element_type=\"container\" data-e-type=\"container\">\n\t\t\t\t<div class=\"elementor-element elementor-element-f7a92cb elementor-align-center elementor-widget elementor-widget-button\" data-id=\"f7a92cb\" data-element_type=\"widget\" data-e-type=\"widget\" data-widget_type=\"button.default\">\n\t\t\t\t<div class=\"elementor-widget-container\">\n\t\t\t\t\t\t\t\t\t<div class=\"elementor-button-wrapper\">\n\t\t\t\t\t<a class=\"elementor-button elementor-size-sm elementor-animation-shrink\" role=\"button\">\n\t\t\t\t\t\t<span class=\"elementor-button-content-wrapper\">\n\t\t\t\t\t\t\t\t\t<span class=\"elementor-button-text\">D\u00e9couvrir nos ateliers<\/span>\n\t\t\t\t\t<\/span>\n\t\t\t\t\t<\/a>\n\t\t\t\t<\/div>\n\t\t\t\t\t\t\t\t<\/div>\n\t\t\t\t<\/div>\n\t\t\t\t<\/div>\n\t\t\t\t<\/div>\n\t\t\t\t\t<\/div>\n\t\t\t\t<\/div>\n\t\t<div class=\"elementor-element elementor-element-127d56d e-flex e-con-boxed wpr-particle-no wpr-jarallax-no wpr-parallax-no wpr-sticky-section-no wpr-equal-height-no e-con e-parent\" data-id=\"127d56d\" data-element_type=\"container\" data-e-type=\"container\">\n\t\t\t\t\t<div class=\"e-con-inner\">\n\t\t<div class=\"elementor-element elementor-element-b415ba6 e-con-full e-flex wpr-particle-no wpr-jarallax-no wpr-parallax-no wpr-sticky-section-no wpr-equal-height-no e-con e-child\" data-id=\"b415ba6\" data-element_type=\"container\" data-e-type=\"container\">\n\t\t\t\t<div class=\"elementor-element elementor-element-bfd0dfe elementor-widget elementor-widget-image\" data-id=\"bfd0dfe\" data-element_type=\"widget\" data-e-type=\"widget\" data-widget_type=\"image.default\">\n\t\t\t\t<div class=\"elementor-widget-container\">\n\t\t\t\t\t\t\t\t\t\t\t\t\t\t\t<img decoding=\"async\" src=\"https:\/\/apsara-ayurveda.com\/wp-content\/uploads\/2024\/09\/pexels-yankrukov-5480264-2.jpg\" title=\"pexels-yankrukov-5480264 (2)\" alt=\"pexels-yankrukov-5480264 (2)\" loading=\"lazy\" \/>\t\t\t\t\t\t\t\t\t\t\t\t\t\t\t<\/div>\n\t\t\t\t<\/div>\n\t\t\t\t<\/div>\n\t\t<div class=\"elementor-element elementor-element-cf0dfed e-con-full e-flex wpr-particle-no wpr-jarallax-no wpr-parallax-no wpr-sticky-section-no wpr-equal-height-no e-con e-child\" data-id=\"cf0dfed\" data-element_type=\"container\" data-e-type=\"container\">\n\t\t\t\t<div class=\"elementor-element elementor-element-868e2bf elementor-widget elementor-widget-heading\" data-id=\"868e2bf\" data-element_type=\"widget\" data-e-type=\"widget\" data-widget_type=\"heading.default\">\n\t\t\t\t<div class=\"elementor-widget-container\">\n\t\t\t\t\t<h2 class=\"elementor-heading-title elementor-size-default\">Les plantes\n<\/h2>\t\t\t\t<\/div>\n\t\t\t\t<\/div>\n\t\t\t\t<div class=\"elementor-element elementor-element-e61d155 elementor-widget elementor-widget-text-editor\" data-id=\"e61d155\" data-element_type=\"widget\" data-e-type=\"widget\" data-widget_type=\"text-editor.default\">\n\t\t\t\t<div class=\"elementor-widget-container\">\n\t\t\t\t\t\t\t\t\t<p><span style=\"font-weight: 400;\">Les plantes occupent une place centrale dans la pratique de l&rsquo;ayurveda. Utilis\u00e9es depuis des mill\u00e9naires pour leurs propri\u00e9t\u00e9s curatives et pr\u00e9ventives, elles sont au c\u0153ur des traitements ayurv\u00e9diques. Chaque plante, avec ses caract\u00e9ristiques uniques, aide \u00e0 harmoniser les doshas (Vata, Pitta, Kapha) et \u00e0 restaurer l&rsquo;\u00e9quilibre naturel du corps et de l&rsquo;esprit.<\/span><\/p><p><span style=\"font-weight: 400;\">En ayurveda, les plantes sont bien plus que des rem\u00e8des. Elles sont des alli\u00e9es quotidiennes pour promouvoir la sant\u00e9, la vitalit\u00e9 et le bien-\u00eatre. Des herbes comme le tulsi (basilic sacr\u00e9), le neem et l&rsquo;ashwagandha sont reconnues pour leurs bienfaits puissants et sont utilis\u00e9es dans des formulations adapt\u00e9es aux besoins individuels.<\/span><\/p><p><span style=\"font-weight: 400;\">Explorez avec nous l&rsquo;univers fascinant des plantes ayurv\u00e9diques et d\u00e9couvrez comment ces tr\u00e9sors de la nature peuvent enrichir votre vie, favoriser votre bien-\u00eatre et vous aider \u00e0 atteindre une harmonie compl\u00e8te.<\/span><\/p>\t\t\t\t\t\t\t\t<\/div>\n\t\t\t\t<\/div>\n\t\t\t\t<\/div>\n\t\t\t\t\t<\/div>\n\t\t\t\t<\/div>\n\t\t\t\t<\/div>\n\t\t","protected":false},"excerpt":{"rendered":"<p>Le Massage en Ayurveda Le massage est une composante essentielle de l&rsquo;ayurveda. Cette pratique ancestrale vise \u00e0 r\u00e9tablir l&rsquo;harmonie entre les diff\u00e9rentes couches du corps (physique, \u00e9nerg\u00e9tique, mental, etc\u2026), en utilisant des techniques vari\u00e9es adapt\u00e9es aux besoins individuels. On utilise des huiles v\u00e9g\u00e9tales (s\u00e9same, coco, moutarde ou olive) parfois infus\u00e9es d&rsquo;herbes sp\u00e9cifiques.Ainsi la peau et les chairs sont nourries, la circulation est stimul\u00e9e, et le travail d\u2019\u00e9limination des toxines est soutenu.Ces techniques permettent de revitaliser le corps, de d\u00e9tendre les muscles et de calmer l&rsquo;esprit, offrant une exp\u00e9rience holistique de bien-\u00eatre. Chaque s\u00e9ance de massage est personnalis\u00e9e en fonction des doshas (Vata, Pitta, Kapha) et des d\u00e9s\u00e9quilibres sp\u00e9cifiques de chaque individu. Les bienfaits du massage ayurv\u00e9dique sont nombreux : r\u00e9duction du stress, am\u00e9lioration de la qualit\u00e9 du sommeil, renforcement du syst\u00e8me immunitaire et augmentation de l&rsquo;\u00e9nergie vitale. Laissez-vous emporter par une exp\u00e9rience de relaxation profonde et de renouveau, enracin\u00e9e dans la sagesse ancestrale de l&rsquo;Inde. D\u00e9couvrir nos massages L&rsquo;alimentation en Ayurveda L&rsquo;alimentation joue un r\u00f4le fondamental en ayurveda. En effet, la nourriture n&rsquo;est pas seulement une source de nutrition, mais aussi un moyen de maintenir l&rsquo;\u00e9quilibre et l&rsquo;harmonie entre le corps, l&rsquo;esprit et l&rsquo;\u00e2me. L&rsquo;ayurveda enseigne que chaque individu est unique, et que l&rsquo;alimentation doit \u00eatre adapt\u00e9e aux doshas (Vata, Pitta, Kapha) de chacun. En comprenant votre constitution ayurv\u00e9dique, vous pouvez choisir des aliments qui \u00e9quilibrent vos \u00e9nergies et favorisent une sant\u00e9 optimale. Les principes de l&rsquo;alimentation ayurv\u00e9dique incluent : Qualit\u00e9 et fra\u00eecheur : Consommer des aliments frais, naturels et non transform\u00e9s pour maximiser leur pr\u00e2na (\u00e9nergie vitale). \u00c9quilibre des saveurs : Int\u00e9grer les six saveurs dans chaque repas pour satisfaire tous les aspects de notre \u00eatre. Les six saveurs sont le sucr\u00e9, le sal\u00e9, l\u2019acide, le piquant, l\u2019amer et l\u2019astringent. Routines alimentaires : Manger \u00e0 des heures r\u00e9guli\u00e8res et dans un environnement paisible pour faciliter la digestion et l&rsquo;assimilation des nutriments. Commodit\u00e9s alimentaires : Pr\u00e9parer des repas chauds et nourrissants qui sont facilement digestibles, et \u00e9viter les combinaisons alimentaires incompatibles qui peuvent perturber la digestion. 5. \u00c9coute du corps : Pr\u00eater attention aux signaux de faim et de sati\u00e9t\u00e9, et choisir des aliments qui correspondent \u00e0 vos besoins physiques et \u00e9motionnels. En plus de ces principes, l&rsquo;ayurveda recommande des herbes et des \u00e9pices sp\u00e9cifiques pour soutenir la digestion, am\u00e9liorer le m\u00e9tabolisme et renforcer l&rsquo;immunit\u00e9. Des pratiques comme le je\u00fbne intermittent et les d\u00e9toxifications saisonni\u00e8res sont \u00e9galement utilis\u00e9es pour purifier le corps et r\u00e9tablir l&rsquo;\u00e9quilibre. L&rsquo;alimentation ayurv\u00e9dique ne se limite pas \u00e0 ce que nous mangeons, mais englobe \u00e9galement comment nous mangeons. En adoptant une approche consciente et attentive \u00e0 notre alimentation, nous pouvons am\u00e9liorer notre sant\u00e9, notre vitalit\u00e9 et notre bien-\u00eatre g\u00e9n\u00e9ral. Explorez avec nous les bienfaits de l&rsquo;alimentation ayurv\u00e9dique et d\u00e9couvrez comment ces principes ancestraux peuvent transformer votre relation avec la nourriture et enrichir votre vie quotidienne. D\u00e9couvrir nos ateliers Les plantes Les plantes occupent une place centrale dans la pratique de l&rsquo;ayurveda. Utilis\u00e9es depuis des mill\u00e9naires pour leurs propri\u00e9t\u00e9s curatives et pr\u00e9ventives, elles sont au c\u0153ur des traitements ayurv\u00e9diques. Chaque plante, avec ses caract\u00e9ristiques uniques, aide \u00e0 harmoniser les doshas (Vata, Pitta, Kapha) et \u00e0 restaurer l&rsquo;\u00e9quilibre naturel du corps et de l&rsquo;esprit. En ayurveda, les plantes sont bien plus que des rem\u00e8des. Elles sont des alli\u00e9es quotidiennes pour promouvoir la sant\u00e9, la vitalit\u00e9 et le bien-\u00eatre. Des herbes comme le tulsi (basilic sacr\u00e9), le neem et l&rsquo;ashwagandha sont reconnues pour leurs bienfaits puissants et sont utilis\u00e9es dans des formulations adapt\u00e9es aux besoins individuels. Explorez avec nous l&rsquo;univers fascinant des plantes ayurv\u00e9diques et d\u00e9couvrez comment ces tr\u00e9sors de la nature peuvent enrichir votre vie, favoriser votre bien-\u00eatre et vous aider \u00e0 atteindre une harmonie compl\u00e8te.<\/p>\n","protected":false},"author":1,"featured_media":0,"parent":0,"menu_order":0,"comment_status":"closed","ping_status":"closed","template":"elementor_header_footer","meta":{"ocean_post_layout":"","ocean_both_sidebars_style":"","ocean_both_sidebars_content_width":0,"ocean_both_sidebars_sidebars_width":0,"ocean_sidebar":"","ocean_second_sidebar":"","ocean_disable_margins":"enable","ocean_add_body_class":"","ocean_shortcode_before_top_bar":"","ocean_shortcode_after_top_bar":"","ocean_shortcode_before_header":"","ocean_shortcode_after_header":"","ocean_has_shortcode":"","ocean_shortcode_after_title":"","ocean_shortcode_before_footer_widgets":"","ocean_shortcode_after_footer_widgets":"","ocean_shortcode_before_footer_bottom":"","ocean_shortcode_after_footer_bottom":"","ocean_display_top_bar":"default","ocean_display_header":"default","ocean_header_style":"","ocean_center_header_left_menu":"","ocean_custom_header_template":"","ocean_custom_logo":0,"ocean_custom_retina_logo":0,"ocean_custom_logo_max_width":0,"ocean_custom_logo_tablet_max_width":0,"ocean_custom_logo_mobile_max_width":0,"ocean_custom_logo_max_height":0,"ocean_custom_logo_tablet_max_height":0,"ocean_custom_logo_mobile_max_height":0,"ocean_header_custom_menu":"","ocean_menu_typo_font_family":"","ocean_menu_typo_font_subset":"","ocean_menu_typo_font_size":0,"ocean_menu_typo_font_size_tablet":0,"ocean_menu_typo_font_size_mobile":0,"ocean_menu_typo_font_size_unit":"px","ocean_menu_typo_font_weight":"","ocean_menu_typo_font_weight_tablet":"","ocean_menu_typo_font_weight_mobile":"","ocean_menu_typo_transform":"","ocean_menu_typo_transform_tablet":"","ocean_menu_typo_transform_mobile":"","ocean_menu_typo_line_height":0,"ocean_menu_typo_line_height_tablet":0,"ocean_menu_typo_line_height_mobile":0,"ocean_menu_typo_line_height_unit":"","ocean_menu_typo_spacing":0,"ocean_menu_typo_spacing_tablet":0,"ocean_menu_typo_spacing_mobile":0,"ocean_menu_typo_spacing_unit":"","ocean_menu_link_color":"","ocean_menu_link_color_hover":"","ocean_menu_link_color_active":"","ocean_menu_link_background":"","ocean_menu_link_hover_background":"","ocean_menu_link_active_background":"","ocean_menu_social_links_bg":"","ocean_menu_social_hover_links_bg":"","ocean_menu_social_links_color":"","ocean_menu_social_hover_links_color":"","ocean_disable_title":"default","ocean_disable_heading":"default","ocean_post_title":"","ocean_post_subheading":"","ocean_post_title_style":"","ocean_post_title_background_color":"","ocean_post_title_background":0,"ocean_post_title_bg_image_position":"","ocean_post_title_bg_image_attachment":"","ocean_post_title_bg_image_repeat":"","ocean_post_title_bg_image_size":"","ocean_post_title_height":0,"ocean_post_title_bg_overlay":0.5,"ocean_post_title_bg_overlay_color":"","ocean_disable_breadcrumbs":"default","ocean_breadcrumbs_color":"","ocean_breadcrumbs_separator_color":"","ocean_breadcrumbs_links_color":"","ocean_breadcrumbs_links_hover_color":"","ocean_display_footer_widgets":"default","ocean_display_footer_bottom":"default","ocean_custom_footer_template":"","footnotes":""},"class_list":["post-115","page","type-page","status-publish","hentry","entry"],"_links":{"self":[{"href":"https:\/\/apsara-ayurveda.com\/index.php\/wp-json\/wp\/v2\/pages\/115","targetHints":{"allow":["GET"]}}],"collection":[{"href":"https:\/\/apsara-ayurveda.com\/index.php\/wp-json\/wp\/v2\/pages"}],"about":[{"href":"https:\/\/apsara-ayurveda.com\/index.php\/wp-json\/wp\/v2\/types\/page"}],"author":[{"embeddable":true,"href":"https:\/\/apsara-ayurveda.com\/index.php\/wp-json\/wp\/v2\/users\/1"}],"replies":[{"embeddable":true,"href":"https:\/\/apsara-ayurveda.com\/index.php\/wp-json\/wp\/v2\/comments?post=115"}],"version-history":[{"count":49,"href":"https:\/\/apsara-ayurveda.com\/index.php\/wp-json\/wp\/v2\/pages\/115\/revisions"}],"predecessor-version":[{"id":2806,"href":"https:\/\/apsara-ayurveda.com\/index.php\/wp-json\/wp\/v2\/pages\/115\/revisions\/2806"}],"wp:attachment":[{"href":"https:\/\/apsara-ayurveda.com\/index.php\/wp-json\/wp\/v2\/media?parent=115"}],"curies":[{"name":"wp","href":"https:\/\/api.w.org\/{rel}","templated":true}]}}