{"id":1877,"date":"2024-09-05T12:13:59","date_gmt":"2024-09-05T10:13:59","guid":{"rendered":"https:\/\/apsara-ayurveda.com\/?page_id=1877"},"modified":"2025-02-05T11:44:18","modified_gmt":"2025-02-05T10:44:18","slug":"mentions-legales","status":"publish","type":"page","link":"https:\/\/apsara-ayurveda.com\/index.php\/mentions-legales\/","title":{"rendered":"Mentions l\u00e9gales"},"content":{"rendered":"\t\t<div data-elementor-type=\"wp-page\" data-elementor-id=\"1877\" class=\"elementor elementor-1877\">\n\t\t\t\t<div class=\"elementor-element elementor-element-5eb547c e-flex e-con-boxed wpr-particle-no wpr-jarallax-no wpr-parallax-no wpr-sticky-section-no wpr-equal-height-no e-con e-parent\" data-id=\"5eb547c\" data-element_type=\"container\" data-e-type=\"container\">\n\t\t\t\t\t<div class=\"e-con-inner\">\n\t\t\t\t<div class=\"elementor-element elementor-element-a0f3576 elementor-widget elementor-widget-heading\" data-id=\"a0f3576\" data-element_type=\"widget\" data-e-type=\"widget\" data-widget_type=\"heading.default\">\n\t\t\t\t<div class=\"elementor-widget-container\">\n\t\t\t\t\t<h2 class=\"elementor-heading-title elementor-size-default\">Mentions l\u00e9gales<\/h2>\t\t\t\t<\/div>\n\t\t\t\t<\/div>\n\t\t\t\t<div class=\"elementor-element elementor-element-02b9cf3 elementor-widget elementor-widget-heading\" data-id=\"02b9cf3\" data-element_type=\"widget\" data-e-type=\"widget\" data-widget_type=\"heading.default\">\n\t\t\t\t<div class=\"elementor-widget-container\">\n\t\t\t\t\t<h2 class=\"elementor-heading-title elementor-size-default\"> \u00c9diteur du site<\/h2>\t\t\t\t<\/div>\n\t\t\t\t<\/div>\n\t\t\t\t<div class=\"elementor-element elementor-element-53a7582 elementor-widget elementor-widget-text-editor\" data-id=\"53a7582\" data-element_type=\"widget\" data-e-type=\"widget\" data-widget_type=\"text-editor.default\">\n\t\t\t\t<div class=\"elementor-widget-container\">\n\t\t\t\t\t\t\t\t\t<p>Le site <strong>Apsara Ayurveda<\/strong> est \u00e9dit\u00e9 par <strong>Evelyne Viblanc<\/strong>, exer\u00e7ant sous le statut d&rsquo;auto-entrepreneur.<\/p><p><img decoding=\"async\" class=\"emoji\" role=\"img\" draggable=\"false\" src=\"https:\/\/s.w.org\/images\/core\/emoji\/15.0.3\/svg\/1f4cc.svg\" alt=\"\ud83d\udccc\" \/> <strong>Nom de l&rsquo;entreprise<\/strong> : Apsara\u00a0<br \/><img decoding=\"async\" class=\"emoji\" role=\"img\" draggable=\"false\" src=\"https:\/\/s.w.org\/images\/core\/emoji\/15.0.3\/svg\/1f4cd.svg\" alt=\"\ud83d\udccd\" \/> <strong>Si\u00e8ge social<\/strong> : 10 rue de Brisay 28700 Denonville<br \/><img decoding=\"async\" class=\"emoji\" role=\"img\" draggable=\"false\" src=\"https:\/\/s.w.org\/images\/core\/emoji\/15.0.3\/svg\/1f4dc.svg\" alt=\"\ud83d\udcdc\" \/> <strong>SIRET<\/strong> : 94044474800013<br \/><img decoding=\"async\" class=\"emoji\" role=\"img\" draggable=\"false\" src=\"https:\/\/s.w.org\/images\/core\/emoji\/15.0.3\/svg\/1f4b0.svg\" alt=\"\ud83d\udcb0\" \/> <strong>TVA intracommunautaire<\/strong> : non applicable<br \/><img decoding=\"async\" class=\"emoji\" role=\"img\" draggable=\"false\" src=\"https:\/\/s.w.org\/images\/core\/emoji\/15.0.3\/svg\/1f4e7.svg\" alt=\"\ud83d\udce7\" \/> <strong>Email<\/strong> : apsara.veda@gmail.com<br \/><img decoding=\"async\" class=\"emoji\" role=\"img\" draggable=\"false\" src=\"https:\/\/s.w.org\/images\/core\/emoji\/15.0.3\/svg\/1f4de.svg\" alt=\"\ud83d\udcde\" \/> <strong>T\u00e9l\u00e9phone<\/strong> : 0766962593<br \/><img decoding=\"async\" class=\"emoji\" role=\"img\" draggable=\"false\" src=\"https:\/\/s.w.org\/images\/core\/emoji\/15.0.3\/svg\/1f464.svg\" alt=\"\ud83d\udc64\" \/> <strong>Directrice de la publication<\/strong> : Evelyne Viblanc<\/p>\t\t\t\t\t\t\t\t<\/div>\n\t\t\t\t<\/div>\n\t\t\t\t<div class=\"elementor-element elementor-element-b98bafc elementor-widget elementor-widget-heading\" data-id=\"b98bafc\" data-element_type=\"widget\" data-e-type=\"widget\" data-widget_type=\"heading.default\">\n\t\t\t\t<div class=\"elementor-widget-container\">\n\t\t\t\t\t<h2 class=\"elementor-heading-title elementor-size-default\">H\u00e9bergement du site<\/h2>\t\t\t\t<\/div>\n\t\t\t\t<\/div>\n\t\t\t\t<div class=\"elementor-element elementor-element-23afdbc elementor-widget elementor-widget-text-editor\" data-id=\"23afdbc\" data-element_type=\"widget\" data-e-type=\"widget\" data-widget_type=\"text-editor.default\">\n\t\t\t\t<div class=\"elementor-widget-container\">\n\t\t\t\t\t\t\t\t\t<p>Le site est h\u00e9berg\u00e9 par <strong>OVH SAS<\/strong>.<\/p><p>\ud83d\udccd <strong>Adresse<\/strong> : 2 rue Kellermann, 59100 Roubaix \u2013 France<br \/>\ud83d\udcde <strong>T\u00e9l\u00e9phone<\/strong> : +33 (0)9 72 10 10 07<br \/>\ud83c\udf0d <strong>Site web<\/strong> : <a href=\"https:\/\/www.ovh.com\/\" target=\"_new\" rel=\"noopener\">www.ovh.com<\/a><\/p>\t\t\t\t\t\t\t\t<\/div>\n\t\t\t\t<\/div>\n\t\t\t\t<div class=\"elementor-element elementor-element-baa835b elementor-widget elementor-widget-heading\" data-id=\"baa835b\" data-element_type=\"widget\" data-e-type=\"widget\" data-widget_type=\"heading.default\">\n\t\t\t\t<div class=\"elementor-widget-container\">\n\t\t\t\t\t<h2 class=\"elementor-heading-title elementor-size-default\">Propri\u00e9t\u00e9 intellectuelle<\/h2>\t\t\t\t<\/div>\n\t\t\t\t<\/div>\n\t\t\t\t<div class=\"elementor-element elementor-element-ee4bebf elementor-widget elementor-widget-text-editor\" data-id=\"ee4bebf\" data-element_type=\"widget\" data-e-type=\"widget\" data-widget_type=\"text-editor.default\">\n\t\t\t\t<div class=\"elementor-widget-container\">\n\t\t\t\t\t\t\t\t\t<p>L\u2019ensemble des contenus pr\u00e9sents sur ce site (textes, images, logo, graphismes, etc.) est la propri\u00e9t\u00e9 exclusive de <strong>Apsara<\/strong>, sauf mention contraire. Toute reproduction, distribution, modification ou utilisation, sans autorisation pr\u00e9alable, est interdite.<\/p>\t\t\t\t\t\t\t\t<\/div>\n\t\t\t\t<\/div>\n\t\t\t\t<div class=\"elementor-element elementor-element-0e33cf0 elementor-widget elementor-widget-heading\" data-id=\"0e33cf0\" data-element_type=\"widget\" data-e-type=\"widget\" data-widget_type=\"heading.default\">\n\t\t\t\t<div class=\"elementor-widget-container\">\n\t\t\t\t\t<h2 class=\"elementor-heading-title elementor-size-default\">Protection des donn\u00e9es personnelles (RGPD)<\/h2>\t\t\t\t<\/div>\n\t\t\t\t<\/div>\n\t\t\t\t<div class=\"elementor-element elementor-element-e6a4adc elementor-widget elementor-widget-text-editor\" data-id=\"e6a4adc\" data-element_type=\"widget\" data-e-type=\"widget\" data-widget_type=\"text-editor.default\">\n\t\t\t\t<div class=\"elementor-widget-container\">\n\t\t\t\t\t\t\t\t\t<p>Conform\u00e9ment au <strong>R\u00e8glement G\u00e9n\u00e9ral sur la Protection des Donn\u00e9es (RGPD)<\/strong>, les donn\u00e9es personnelles collect\u00e9es sur ce site (via formulaire de contact, newsletter, cookies) sont destin\u00e9es exclusivement \u00e0 <strong>Apsara<\/strong>\u00a0et ne seront en aucun cas vendues ou c\u00e9d\u00e9es \u00e0 des tiers.<\/p><p>Les utilisateurs disposent des droits suivants sur leurs donn\u00e9es :<br \/>\u2705 Droit d&rsquo;acc\u00e8s<br \/>\u2705 Droit de rectification<br \/>\u2705 Droit de suppression<br \/>\u2705 Droit d\u2019opposition et de limitation du traitement<\/p><p>Pour toute demande relative aux donn\u00e9es personnelles, vous pouvez contacter <strong>Evelyne Viblanc<\/strong> \u00e0 l\u2019adresse suivante : apsara.veda@gmail.com<\/p>\t\t\t\t\t\t\t\t<\/div>\n\t\t\t\t<\/div>\n\t\t\t\t<div class=\"elementor-element elementor-element-968c403 elementor-widget elementor-widget-heading\" data-id=\"968c403\" data-element_type=\"widget\" data-e-type=\"widget\" data-widget_type=\"heading.default\">\n\t\t\t\t<div class=\"elementor-widget-container\">\n\t\t\t\t\t<h2 class=\"elementor-heading-title elementor-size-default\">Cookies et traceurs<\/h2>\t\t\t\t<\/div>\n\t\t\t\t<\/div>\n\t\t\t\t<div class=\"elementor-element elementor-element-d6bd5d0 elementor-widget elementor-widget-text-editor\" data-id=\"d6bd5d0\" data-element_type=\"widget\" data-e-type=\"widget\" data-widget_type=\"text-editor.default\">\n\t\t\t\t<div class=\"elementor-widget-container\">\n\t\t\t\t\t\t\t\t\t<p>Le site utilise des cookies pour am\u00e9liorer l\u2019exp\u00e9rience utilisateur et analyser le trafic. En poursuivant votre navigation, vous acceptez leur utilisation. Vous avez la possibilit\u00e9 de g\u00e9rer vos pr\u00e9f\u00e9rences via les param\u00e8tres de votre navigateur.<\/p>\t\t\t\t\t\t\t\t<\/div>\n\t\t\t\t<\/div>\n\t\t\t\t<div class=\"elementor-element elementor-element-9160d40 elementor-widget elementor-widget-heading\" data-id=\"9160d40\" data-element_type=\"widget\" data-e-type=\"widget\" data-widget_type=\"heading.default\">\n\t\t\t\t<div class=\"elementor-widget-container\">\n\t\t\t\t\t<h2 class=\"elementor-heading-title elementor-size-default\">Responsabilit\u00e9<\/h2>\t\t\t\t<\/div>\n\t\t\t\t<\/div>\n\t\t\t\t<div class=\"elementor-element elementor-element-bdb85a0 elementor-widget elementor-widget-text-editor\" data-id=\"bdb85a0\" data-element_type=\"widget\" data-e-type=\"widget\" data-widget_type=\"text-editor.default\">\n\t\t\t\t<div class=\"elementor-widget-container\">\n\t\t\t\t\t\t\t\t\t<p><strong>Apsara<\/strong>\u00a0met tout en \u0153uvre pour assurer l\u2019exactitude des informations pr\u00e9sentes sur ce site. Cependant, elle ne peut \u00eatre tenue responsable des erreurs ou omissions, ni des \u00e9ventuelles interruptions du site.<\/p><p>Les liens externes pr\u00e9sents sur le site ne sont pas sous la responsabilit\u00e9 d&rsquo;<strong>Apsara<\/strong>, qui ne peut \u00eatre tenue responsable de leur contenu.<\/p>\t\t\t\t\t\t\t\t<\/div>\n\t\t\t\t<\/div>\n\t\t\t\t\t<\/div>\n\t\t\t\t<\/div>\n\t\t\t\t<\/div>\n\t\t","protected":false},"excerpt":{"rendered":"<p>Mentions l\u00e9gales \u00c9diteur du site Le site Apsara Ayurveda est \u00e9dit\u00e9 par Evelyne Viblanc, exer\u00e7ant sous le statut d&rsquo;auto-entrepreneur. Nom de l&rsquo;entreprise : Apsara\u00a0 Si\u00e8ge social : 10 rue de Brisay 28700 Denonville SIRET : 94044474800013 TVA intracommunautaire : non applicable Email : apsara.veda@gmail.com T\u00e9l\u00e9phone : 0766962593 Directrice de la publication : Evelyne Viblanc H\u00e9bergement du site Le site est h\u00e9berg\u00e9 par OVH SAS. \ud83d\udccd Adresse : 2 rue Kellermann, 59100 Roubaix \u2013 France\ud83d\udcde T\u00e9l\u00e9phone : +33 (0)9 72 10 10 07\ud83c\udf0d Site web : www.ovh.com Propri\u00e9t\u00e9 intellectuelle L\u2019ensemble des contenus pr\u00e9sents sur ce site (textes, images, logo, graphismes, etc.) est la propri\u00e9t\u00e9 exclusive de Apsara, sauf mention contraire. Toute reproduction, distribution, modification ou utilisation, sans autorisation pr\u00e9alable, est interdite. Protection des donn\u00e9es personnelles (RGPD) Conform\u00e9ment au R\u00e8glement G\u00e9n\u00e9ral sur la Protection des Donn\u00e9es (RGPD), les donn\u00e9es personnelles collect\u00e9es sur ce site (via formulaire de contact, newsletter, cookies) sont destin\u00e9es exclusivement \u00e0 Apsara\u00a0et ne seront en aucun cas vendues ou c\u00e9d\u00e9es \u00e0 des tiers. Les utilisateurs disposent des droits suivants sur leurs donn\u00e9es :\u2705 Droit d&rsquo;acc\u00e8s\u2705 Droit de rectification\u2705 Droit de suppression\u2705 Droit d\u2019opposition et de limitation du traitement Pour toute demande relative aux donn\u00e9es personnelles, vous pouvez contacter Evelyne Viblanc \u00e0 l\u2019adresse suivante : apsara.veda@gmail.com Cookies et traceurs Le site utilise des cookies pour am\u00e9liorer l\u2019exp\u00e9rience utilisateur et analyser le trafic. En poursuivant votre navigation, vous acceptez leur utilisation. Vous avez la possibilit\u00e9 de g\u00e9rer vos pr\u00e9f\u00e9rences via les param\u00e8tres de votre navigateur. Responsabilit\u00e9 Apsara\u00a0met tout en \u0153uvre pour assurer l\u2019exactitude des informations pr\u00e9sentes sur ce site. Cependant, elle ne peut \u00eatre tenue responsable des erreurs ou omissions, ni des \u00e9ventuelles interruptions du site. Les liens externes pr\u00e9sents sur le site ne sont pas sous la responsabilit\u00e9 d&rsquo;Apsara, qui ne peut \u00eatre tenue responsable de leur contenu.<\/p>\n","protected":false},"author":1,"featured_media":0,"parent":0,"menu_order":0,"comment_status":"closed","ping_status":"closed","template":"elementor_header_footer","meta":{"ocean_post_layout":"","ocean_both_sidebars_style":"","ocean_both_sidebars_content_width":0,"ocean_both_sidebars_sidebars_width":0,"ocean_sidebar":"","ocean_second_sidebar":"","ocean_disable_margins":"enable","ocean_add_body_class":"","ocean_shortcode_before_top_bar":"","ocean_shortcode_after_top_bar":"","ocean_shortcode_before_header":"","ocean_shortcode_after_header":"","ocean_has_shortcode":"","ocean_shortcode_after_title":"","ocean_shortcode_before_footer_widgets":"","ocean_shortcode_after_footer_widgets":"","ocean_shortcode_before_footer_bottom":"","ocean_shortcode_after_footer_bottom":"","ocean_display_top_bar":"default","ocean_display_header":"default","ocean_header_style":"","ocean_center_header_left_menu":"","ocean_custom_header_template":"","ocean_custom_logo":0,"ocean_custom_retina_logo":0,"ocean_custom_logo_max_width":0,"ocean_custom_logo_tablet_max_width":0,"ocean_custom_logo_mobile_max_width":0,"ocean_custom_logo_max_height":0,"ocean_custom_logo_tablet_max_height":0,"ocean_custom_logo_mobile_max_height":0,"ocean_header_custom_menu":"","ocean_menu_typo_font_family":"","ocean_menu_typo_font_subset":"","ocean_menu_typo_font_size":0,"ocean_menu_typo_font_size_tablet":0,"ocean_menu_typo_font_size_mobile":0,"ocean_menu_typo_font_size_unit":"px","ocean_menu_typo_font_weight":"","ocean_menu_typo_font_weight_tablet":"","ocean_menu_typo_font_weight_mobile":"","ocean_menu_typo_transform":"","ocean_menu_typo_transform_tablet":"","ocean_menu_typo_transform_mobile":"","ocean_menu_typo_line_height":0,"ocean_menu_typo_line_height_tablet":0,"ocean_menu_typo_line_height_mobile":0,"ocean_menu_typo_line_height_unit":"","ocean_menu_typo_spacing":0,"ocean_menu_typo_spacing_tablet":0,"ocean_menu_typo_spacing_mobile":0,"ocean_menu_typo_spacing_unit":"","ocean_menu_link_color":"","ocean_menu_link_color_hover":"","ocean_menu_link_color_active":"","ocean_menu_link_background":"","ocean_menu_link_hover_background":"","ocean_menu_link_active_background":"","ocean_menu_social_links_bg":"","ocean_menu_social_hover_links_bg":"","ocean_menu_social_links_color":"","ocean_menu_social_hover_links_color":"","ocean_disable_title":"default","ocean_disable_heading":"default","ocean_post_title":"","ocean_post_subheading":"","ocean_post_title_style":"","ocean_post_title_background_color":"","ocean_post_title_background":0,"ocean_post_title_bg_image_position":"","ocean_post_title_bg_image_attachment":"","ocean_post_title_bg_image_repeat":"","ocean_post_title_bg_image_size":"","ocean_post_title_height":0,"ocean_post_title_bg_overlay":0.5,"ocean_post_title_bg_overlay_color":"","ocean_disable_breadcrumbs":"default","ocean_breadcrumbs_color":"","ocean_breadcrumbs_separator_color":"","ocean_breadcrumbs_links_color":"","ocean_breadcrumbs_links_hover_color":"","ocean_display_footer_widgets":"default","ocean_display_footer_bottom":"default","ocean_custom_footer_template":"","footnotes":""},"class_list":["post-1877","page","type-page","status-publish","hentry","entry"],"_links":{"self":[{"href":"https:\/\/apsara-ayurveda.com\/index.php\/wp-json\/wp\/v2\/pages\/1877","targetHints":{"allow":["GET"]}}],"collection":[{"href":"https:\/\/apsara-ayurveda.com\/index.php\/wp-json\/wp\/v2\/pages"}],"about":[{"href":"https:\/\/apsara-ayurveda.com\/index.php\/wp-json\/wp\/v2\/types\/page"}],"author":[{"embeddable":true,"href":"https:\/\/apsara-ayurveda.com\/index.php\/wp-json\/wp\/v2\/users\/1"}],"replies":[{"embeddable":true,"href":"https:\/\/apsara-ayurveda.com\/index.php\/wp-json\/wp\/v2\/comments?post=1877"}],"version-history":[{"count":22,"href":"https:\/\/apsara-ayurveda.com\/index.php\/wp-json\/wp\/v2\/pages\/1877\/revisions"}],"predecessor-version":[{"id":2839,"href":"https:\/\/apsara-ayurveda.com\/index.php\/wp-json\/wp\/v2\/pages\/1877\/revisions\/2839"}],"wp:attachment":[{"href":"https:\/\/apsara-ayurveda.com\/index.php\/wp-json\/wp\/v2\/media?parent=1877"}],"curies":[{"name":"wp","href":"https:\/\/api.w.org\/{rel}","templated":true}]}}