{"id":82,"date":"2024-07-03T19:25:39","date_gmt":"2024-07-03T17:25:39","guid":{"rendered":"https:\/\/apsara-ayurveda.com\/?page_id=82"},"modified":"2024-09-18T09:11:05","modified_gmt":"2024-09-18T07:11:05","slug":"a-propos","status":"publish","type":"page","link":"https:\/\/apsara-ayurveda.com\/index.php\/a-propos\/","title":{"rendered":"\u00c0 propos"},"content":{"rendered":"\t\t<div data-elementor-type=\"wp-page\" data-elementor-id=\"82\" class=\"elementor elementor-82\">\n\t\t\t\t<div class=\"elementor-element elementor-element-ac9ef78 e-flex e-con-boxed wpr-particle-no wpr-jarallax-no wpr-parallax-no wpr-sticky-section-no wpr-equal-height-no e-con e-parent\" data-id=\"ac9ef78\" data-element_type=\"container\" data-e-type=\"container\" data-settings=\"{&quot;background_background&quot;:&quot;classic&quot;}\">\n\t\t\t\t\t<div class=\"e-con-inner\">\n\t\t<div class=\"elementor-element elementor-element-9ea13ef e-con-full e-flex wpr-particle-no wpr-jarallax-no wpr-parallax-no wpr-sticky-section-no wpr-equal-height-no e-con e-child\" data-id=\"9ea13ef\" data-element_type=\"container\" data-e-type=\"container\">\n\t\t\t\t<div class=\"elementor-element elementor-element-a0a8e74 elementor-widget elementor-widget-heading\" data-id=\"a0a8e74\" data-element_type=\"widget\" data-e-type=\"widget\" data-widget_type=\"heading.default\">\n\t\t\t\t<div class=\"elementor-widget-container\">\n\t\t\t\t\t<h2 class=\"elementor-heading-title elementor-size-default\">\u00c0 propos d'Apsara Ayurveda<\/h2>\t\t\t\t<\/div>\n\t\t\t\t<\/div>\n\t\t\t\t<\/div>\n\t\t\t\t\t<\/div>\n\t\t\t\t<\/div>\n\t\t<div class=\"elementor-element elementor-element-ef7d99c e-flex e-con-boxed wpr-particle-no wpr-jarallax-no wpr-parallax-no wpr-sticky-section-no wpr-equal-height-no e-con e-parent\" data-id=\"ef7d99c\" data-element_type=\"container\" data-e-type=\"container\" data-settings=\"{&quot;background_background&quot;:&quot;classic&quot;}\">\n\t\t\t\t\t<div class=\"e-con-inner\">\n\t\t<div class=\"elementor-element elementor-element-abd330c e-con-full e-flex wpr-particle-no wpr-jarallax-no wpr-parallax-no wpr-sticky-section-no wpr-equal-height-no e-con e-child\" data-id=\"abd330c\" data-element_type=\"container\" data-e-type=\"container\">\n\t\t<div class=\"elementor-element elementor-element-5826654 e-con-full e-flex wpr-particle-no wpr-jarallax-no wpr-parallax-no wpr-sticky-section-no wpr-equal-height-no e-con e-child\" data-id=\"5826654\" data-element_type=\"container\" data-e-type=\"container\">\n\t\t\t\t<div class=\"elementor-element elementor-element-ee0c51c elementor-widget__width-initial elementor-widget elementor-widget-image\" data-id=\"ee0c51c\" data-element_type=\"widget\" data-e-type=\"widget\" data-widget_type=\"image.default\">\n\t\t\t\t<div class=\"elementor-widget-container\">\n\t\t\t\t\t\t\t\t\t\t\t\t\t\t\t<img fetchpriority=\"high\" decoding=\"async\" width=\"768\" height=\"702\" src=\"https:\/\/apsara-ayurveda.com\/wp-content\/uploads\/2024\/07\/photo-Evelyne-TERMINER-768x702.jpg\" class=\"attachment-medium_large size-medium_large wp-image-1142\" alt=\"\" srcset=\"https:\/\/apsara-ayurveda.com\/wp-content\/uploads\/2024\/07\/photo-Evelyne-TERMINER-768x702.jpg 768w, https:\/\/apsara-ayurveda.com\/wp-content\/uploads\/2024\/07\/photo-Evelyne-TERMINER-300x274.jpg 300w, https:\/\/apsara-ayurveda.com\/wp-content\/uploads\/2024\/07\/photo-Evelyne-TERMINER-1024x936.jpg 1024w, https:\/\/apsara-ayurveda.com\/wp-content\/uploads\/2024\/07\/photo-Evelyne-TERMINER.jpg 1037w\" sizes=\"(max-width: 768px) 100vw, 768px\" \/>\t\t\t\t\t\t\t\t\t\t\t\t\t\t\t<\/div>\n\t\t\t\t<\/div>\n\t\t\t\t<\/div>\n\t\t<div class=\"elementor-element elementor-element-c0d2b8e e-con-full e-flex wpr-particle-no wpr-jarallax-no wpr-parallax-no wpr-sticky-section-no wpr-equal-height-no e-con e-child\" data-id=\"c0d2b8e\" data-element_type=\"container\" data-e-type=\"container\">\n\t\t\t\t<div class=\"elementor-element elementor-element-6f9ec50 elementor-widget elementor-widget-heading\" data-id=\"6f9ec50\" data-element_type=\"widget\" data-e-type=\"widget\" data-widget_type=\"heading.default\">\n\t\t\t\t<div class=\"elementor-widget-container\">\n\t\t\t\t\t<h2 class=\"elementor-heading-title elementor-size-default\">Des racines ancestrales \u00e0 l'\u00e9panouissement personnel<\/h2>\t\t\t\t<\/div>\n\t\t\t\t<\/div>\n\t\t\t\t<div class=\"elementor-element elementor-element-5974765 elementor-widget elementor-widget-text-editor\" data-id=\"5974765\" data-element_type=\"widget\" data-e-type=\"widget\" data-widget_type=\"text-editor.default\">\n\t\t\t\t<div class=\"elementor-widget-container\">\n\t\t\t\t\t\t\t\t\t<p>Bonjour et bienvenue sur mon site ! Je m&rsquo;appelle<b>\u00a0E<\/b><strong>velyne Viblanc<\/strong>, et je suis th\u00e9rapeute corporel et nutritionniste sp\u00e9cialis\u00e9e en Ayurveda. \u00c0 36 ans, je suis anim\u00e9e par une passion profonde pour l&rsquo;\u00e9quilibre du corps et de l&rsquo;esprit, guid\u00e9e par les principes ancestraux de l&rsquo;Ayurveda.<br \/>D&rsquo;origine <strong>indienne, tha\u00eflandaise et cambodgienne<\/strong>, je suis fi\u00e8re de puiser dans la richesse culturelle de mes anc\u00eatres pour vous offrir une approche authentique du bien-\u00eatre. Mon parcours m&rsquo;a amen\u00e9e \u00e0 m&rsquo;instruire et \u00e0 me perfectionner en Tha\u00eflande et en Inde, o\u00f9 je continue de me former activement aux techniques de massage traditionnelles. Cette qu\u00eate incessante de connaissance me permet de vous proposer des soins \u00e0 la fois modernes et enracin\u00e9s dans une tradition mill\u00e9naire.<\/p>\t\t\t\t\t\t\t\t<\/div>\n\t\t\t\t<\/div>\n\t\t\t\t<div class=\"elementor-element elementor-element-eb41ce4 elementor-align-center elementor-widget elementor-widget-button\" data-id=\"eb41ce4\" data-element_type=\"widget\" data-e-type=\"widget\" data-widget_type=\"button.default\">\n\t\t\t\t<div class=\"elementor-widget-container\">\n\t\t\t\t\t\t\t\t\t<div class=\"elementor-button-wrapper\">\n\t\t\t\t\t<a class=\"elementor-button elementor-size-sm elementor-animation-shrink\" role=\"button\">\n\t\t\t\t\t\t<span class=\"elementor-button-content-wrapper\">\n\t\t\t\t\t\t\t\t\t<span class=\"elementor-button-text\">Contactez-moi<\/span>\n\t\t\t\t\t<\/span>\n\t\t\t\t\t<\/a>\n\t\t\t\t<\/div>\n\t\t\t\t\t\t\t\t<\/div>\n\t\t\t\t<\/div>\n\t\t\t\t<\/div>\n\t\t\t\t<\/div>\n\t\t\t\t\t<\/div>\n\t\t\t\t<\/div>\n\t\t<div class=\"elementor-element elementor-element-3aa1bcd e-flex e-con-boxed wpr-particle-no wpr-jarallax-no wpr-parallax-no wpr-sticky-section-no wpr-equal-height-no e-con e-parent\" data-id=\"3aa1bcd\" data-element_type=\"container\" data-e-type=\"container\" data-settings=\"{&quot;background_background&quot;:&quot;classic&quot;}\">\n\t\t\t\t\t<div class=\"e-con-inner\">\n\t\t<div class=\"elementor-element elementor-element-8fc1c91 e-con-full e-flex wpr-particle-no wpr-jarallax-no wpr-parallax-no wpr-sticky-section-no wpr-equal-height-no e-con e-child\" data-id=\"8fc1c91\" data-element_type=\"container\" data-e-type=\"container\" data-settings=\"{&quot;background_background&quot;:&quot;classic&quot;}\">\n\t\t\t\t<div class=\"elementor-element elementor-element-f51f9e3 elementor-widget elementor-widget-heading\" data-id=\"f51f9e3\" data-element_type=\"widget\" data-e-type=\"widget\" data-widget_type=\"heading.default\">\n\t\t\t\t<div class=\"elementor-widget-container\">\n\t\t\t\t\t<h2 class=\"elementor-heading-title elementor-size-default\">La mission d'Apsara<\/h2>\t\t\t\t<\/div>\n\t\t\t\t<\/div>\n\t\t\t\t<div class=\"elementor-element elementor-element-a55c4ac elementor-widget elementor-widget-text-editor\" data-id=\"a55c4ac\" data-element_type=\"widget\" data-e-type=\"widget\" data-widget_type=\"text-editor.default\">\n\t\t\t\t<div class=\"elementor-widget-container\">\n\t\t\t\t\t\t\t\t\t<p>Ma mission est de promouvoir le bien-\u00eatre holistique \u00e0 travers l&rsquo;Ayurveda. J&rsquo;organise des ateliers interactifs et propose des consultations personnalis\u00e9es pour aider chacun, particuliers et professionnels, \u00e0 int\u00e9grer les principes ayurv\u00e9diques dans leur vie quotidienne. Mon objectif est de guider mes clients vers une sant\u00e9 optimale et un \u00e9quilibre int\u00e9rieur en utilisant des m\u00e9thodes naturelles et ancestrales adapt\u00e9es \u00e0 leurs besoins individuels.<\/p>\t\t\t\t\t\t\t\t<\/div>\n\t\t\t\t<\/div>\n\t\t\t\t<\/div>\n\t\t<div class=\"elementor-element elementor-element-fa98a4f e-con-full e-flex wpr-particle-no wpr-jarallax-no wpr-parallax-no wpr-sticky-section-no wpr-equal-height-no e-con e-child\" data-id=\"fa98a4f\" data-element_type=\"container\" data-e-type=\"container\" data-settings=\"{&quot;background_background&quot;:&quot;classic&quot;}\">\n\t\t\t\t<div class=\"elementor-element elementor-element-60ff237 elementor-widget elementor-widget-heading\" data-id=\"60ff237\" data-element_type=\"widget\" data-e-type=\"widget\" data-widget_type=\"heading.default\">\n\t\t\t\t<div class=\"elementor-widget-container\">\n\t\t\t\t\t<h2 class=\"elementor-heading-title elementor-size-default\">La vision d'Apsara<\/h2>\t\t\t\t<\/div>\n\t\t\t\t<\/div>\n\t\t\t\t<div class=\"elementor-element elementor-element-dacb408 elementor-widget elementor-widget-text-editor\" data-id=\"dacb408\" data-element_type=\"widget\" data-e-type=\"widget\" data-widget_type=\"text-editor.default\">\n\t\t\t\t<div class=\"elementor-widget-container\">\n\t\t\t\t\t\t\t\t\t<p>Ma vision est de cr\u00e9er une communaut\u00e9 o\u00f9 le bien-\u00eatre holistique est accessible \u00e0 tous. Je r\u00eave d&rsquo;un monde o\u00f9 chacun peut trouver l&rsquo;harmonie entre le corps, l&rsquo;esprit et l&rsquo;\u00e2me gr\u00e2ce \u00e0 l&rsquo;Ayurveda. En inspirant et en \u00e9duquant les individualit\u00e9s, je souhaite contribuer \u00e0 une soci\u00e9t\u00e9 plus saine et \u00e9quilibr\u00e9e, o\u00f9 les m\u00e9thodes naturelles sont reconnues et valoris\u00e9es pour leur efficacit\u00e9 et leur sagesse intemporelle.<\/p>\t\t\t\t\t\t\t\t<\/div>\n\t\t\t\t<\/div>\n\t\t\t\t<\/div>\n\t\t\t\t\t<\/div>\n\t\t\t\t<\/div>\n\t\t<div class=\"elementor-element elementor-element-0874dc2 e-flex e-con-boxed wpr-particle-no wpr-jarallax-no wpr-parallax-no wpr-sticky-section-no wpr-equal-height-no e-con e-parent\" data-id=\"0874dc2\" data-element_type=\"container\" data-e-type=\"container\">\n\t\t\t\t\t<div class=\"e-con-inner\">\n\t\t<div class=\"elementor-element elementor-element-5636b8f e-con-full e-flex wpr-particle-no wpr-jarallax-no wpr-parallax-no wpr-sticky-section-no wpr-equal-height-no e-con e-child\" data-id=\"5636b8f\" data-element_type=\"container\" data-e-type=\"container\" data-settings=\"{&quot;background_background&quot;:&quot;classic&quot;}\">\n\t\t\t\t<div class=\"elementor-element elementor-element-8e6b6da elementor-widget elementor-widget-image\" data-id=\"8e6b6da\" data-element_type=\"widget\" data-e-type=\"widget\" data-widget_type=\"image.default\">\n\t\t\t\t<div class=\"elementor-widget-container\">\n\t\t\t\t\t\t\t\t\t\t\t\t\t\t\t<img decoding=\"async\" width=\"624\" height=\"985\" src=\"https:\/\/apsara-ayurveda.com\/wp-content\/uploads\/2024\/07\/Fichier-1-8.png\" class=\"attachment-large size-large wp-image-1167\" alt=\"\" srcset=\"https:\/\/apsara-ayurveda.com\/wp-content\/uploads\/2024\/07\/Fichier-1-8.png 624w, https:\/\/apsara-ayurveda.com\/wp-content\/uploads\/2024\/07\/Fichier-1-8-190x300.png 190w\" sizes=\"(max-width: 624px) 100vw, 624px\" \/>\t\t\t\t\t\t\t\t\t\t\t\t\t\t\t<\/div>\n\t\t\t\t<\/div>\n\t\t\t\t<\/div>\n\t\t<div class=\"elementor-element elementor-element-a1a0e2f e-con-full e-flex wpr-particle-no wpr-jarallax-no wpr-parallax-no wpr-sticky-section-no wpr-equal-height-no e-con e-child\" data-id=\"a1a0e2f\" data-element_type=\"container\" data-e-type=\"container\">\n\t\t\t\t<div class=\"elementor-element elementor-element-796c1ea elementor-widget elementor-widget-heading\" data-id=\"796c1ea\" data-element_type=\"widget\" data-e-type=\"widget\" data-widget_type=\"heading.default\">\n\t\t\t\t<div class=\"elementor-widget-container\">\n\t\t\t\t\t<h2 class=\"elementor-heading-title elementor-size-default\">Pourquoi choisir Apsara ?<\/h2>\t\t\t\t<\/div>\n\t\t\t\t<\/div>\n\t\t\t\t<div class=\"elementor-element elementor-element-c1fb250 elementor-widget elementor-widget-ucaddon_content_accordion\" data-id=\"c1fb250\" data-element_type=\"widget\" data-e-type=\"widget\" data-widget_type=\"ucaddon_content_accordion.default\">\n\t\t\t\t<div class=\"elementor-widget-container\">\n\t\t\t\t\t\n<!-- start Content Accordion -->\n\t\t<link id='font-awesome-css' href='https:\/\/apsara-ayurveda.com\/wp-content\/plugins\/unlimited-elements-for-elementor\/assets_libraries\/font-awesome6\/fontawesome-all.min.css' type='text\/css' rel='stylesheet' >\n\t\t<link id='font-awesome-4-shim-css' href='https:\/\/apsara-ayurveda.com\/wp-content\/plugins\/unlimited-elements-for-elementor\/assets_libraries\/font-awesome6\/fontawesome-v4-shims.min.css' type='text\/css' rel='stylesheet' >\n\n<style>\/* widget: Content Accordion *\/\n\n\n\n#uc_content_accordion_elementor_c1fb250 *{\n  box-sizing: border-box;\n}\n\n#uc_content_accordion_elementor_c1fb250 .uc_ac_box\n{\n  overflow:hidden;\n}\n\n#uc_content_accordion_elementor_c1fb250 .ue_heading_title\n{\n  margin:0;\n  flex-grow:1;\n  display:flex;\n  flex-direction:row;\n}\n\n#uc_content_accordion_elementor_c1fb250 .uc_container .uc-heading\n{\n\tdisplay:flex;\n    align-items:center;\n\toverflow:hidden;\n\tcursor:pointer;\n  \n}\n#uc_content_accordion_elementor_c1fb250 .uc_container .uc_content\n{\n    display:none;\n}\n\n#uc_content_accordion_elementor_c1fb250 .uc_container .uc-heading span.ue_accordion_icon\n{\n\tdisplay:flex;\n    align-items:center;\n   \tjustify-content:center;\n    flex-grow:0;\n    flex-shrink:0;\n}\n#uc_content_accordion_elementor_c1fb250 .uc_ac_box.uc-item-active span.uc_dactive\n{\n\tdisplay:none;\n}\n#uc_content_accordion_elementor_c1fb250 .uc_ac_box:not(.uc-item-active) span.uc_active\n{\n\tdisplay:none;\n}\n#uc_content_accordion_elementor_c1fb250 span.ue_accordion_icon svg\n{\n  height:1em;\n  width:1em;\n}\n\n#uc_content_accordion_elementor_c1fb250 .uc_container .uc_btn {\n\n    text-align: center;\n    display: inline-block;\n    text-decoration: none;\n    transition: ease-in-out all 0.25s;\n}\n\n#uc_content_accordion_elementor_c1fb250 .ue-item-image img\n{\n  width:100%;\n  display:block;\n  object-fit:cover;\n}\n\n<\/style>\n\n<div class=\"uc_material_accordion  \"  id=\"uc_content_accordion_elementor_c1fb250\"  data-name=\"\" data-scroll=\"off\" data-offset=\"0\" data-closeothers=\"true\" data-set-hash=\"false\" >\n  <div class=\"uc_container uc-items-wrapper\">\n    \n\t\t\n\n<div id=\"#ue-tab1\" class=\"uc_ac_box elementor-repeater-item-c1e8b10 uc-item-active\" style=\"background-color:;\">\n  <a href=\"javascript:void(0)\" class=\"uc-heading uc_trigger\" role=\"button\">\n    <span class=\"uc_dactive bbb ue_accordion_icon\"><i class='fas fa-plus'><\/i><\/span> \n    <span class=\"uc_active bbb ue_accordion_icon\"><i class='fas fa-minus'><\/i><\/span>\n    <div class=\"ue_heading_title\">Expertise et Passion<\/div>\n  <\/a>\n  \n  <div class=\"uc_content\" style='display:block'>\n        \n      \n         \n                      \n      \n              <div class=\"ue-item-text\"><p><span style=\"font-weight: 400;\">Forts de notre exp\u00e9rience et de notre passion pour l'Ayurveda, nous vous offrons un accompagnement de qualit\u00e9, fond\u00e9 sur des connaissances approfondies et actualis\u00e9es.<\/span><\/p><\/div>\n      \n              \n      <\/div> \n<\/div>\n\n\n\n<div id=\"#ue-tab2\" class=\"uc_ac_box elementor-repeater-item-2c8d134 \" style=\"background-color:;\">\n  <a href=\"javascript:void(0)\" class=\"uc-heading uc_trigger\" role=\"button\">\n    <span class=\"uc_dactive bbb ue_accordion_icon\"><i class='fas fa-plus'><\/i><\/span> \n    <span class=\"uc_active bbb ue_accordion_icon\"><i class='fas fa-minus'><\/i><\/span>\n    <div class=\"ue_heading_title\">Approche Holistique<\/div>\n  <\/a>\n  \n  <div class=\"uc_content\" >\n        \n      \n         \n                  <div class=\"ue-item-image\"><img decoding=\"async\" src=\"\" ><\/div>\n                \n      \n              <div class=\"ue-item-text\"><p><span style=\"font-weight: 400;\">Nos ateliers et consultations prennent en compte l'ensemble de votre \u00eatre,\u00a0 corps, esprit et \u00e2me, pour vous aider \u00e0 atteindre un bien-\u00eatre global et durable.<\/span><\/p><\/div>\n      \n              \n      <\/div> \n<\/div>\n\n\n\n<div id=\"#ue-tab3\" class=\"uc_ac_box elementor-repeater-item-1dd3bde \" style=\"background-color:;\">\n  <a href=\"javascript:void(0)\" class=\"uc-heading uc_trigger\" role=\"button\">\n    <span class=\"uc_dactive bbb ue_accordion_icon\"><i class='fas fa-plus'><\/i><\/span> \n    <span class=\"uc_active bbb ue_accordion_icon\"><i class='fas fa-minus'><\/i><\/span>\n    <div class=\"ue_heading_title\">Personnalisation<\/div>\n  <\/a>\n  \n  <div class=\"uc_content\" >\n        \n      \n         \n                      \n      \n              <div class=\"ue-item-text\"><p><span style=\"font-weight: 400;\">Chaque individu est unique, c'est pourquoi nous adaptons nos recommandations et nos interventions \u00e0 vos besoins sp\u00e9cifiques.<\/span><\/p><\/div>\n      \n              \n      <\/div> \n<\/div>\n\n\n\n<div id=\"#ue-tab4\" class=\"uc_ac_box elementor-repeater-item-06f3dc6 \" style=\"background-color:;\">\n  <a href=\"javascript:void(0)\" class=\"uc-heading uc_trigger\" role=\"button\">\n    <span class=\"uc_dactive bbb ue_accordion_icon\"><i class='fas fa-plus'><\/i><\/span> \n    <span class=\"uc_active bbb ue_accordion_icon\"><i class='fas fa-minus'><\/i><\/span>\n    <div class=\"ue_heading_title\">M\u00e9thodes Naturelles<\/div>\n  <\/a>\n  \n  <div class=\"uc_content\" >\n        \n      \n         \n                      \n      \n              <div class=\"ue-item-text\"><p><span style=\"font-weight: 400;\">Nous privil\u00e9gions des m\u00e9thodes naturelles et ancestrales, respectueuses de votre corps et de l'environnement, pour vous aider \u00e0 retrouver et \u00e0 maintenir votre \u00e9quilibre.<\/span><\/p><\/div>\n      \n              \n      <\/div> \n<\/div>\n\n\n\n<div id=\"#ue-tab5\" class=\"uc_ac_box elementor-repeater-item-c2ceb4a \" style=\"background-color:;\">\n  <a href=\"javascript:void(0)\" class=\"uc-heading uc_trigger\" role=\"button\">\n    <span class=\"uc_dactive bbb ue_accordion_icon\"><i class='fas fa-plus'><\/i><\/span> \n    <span class=\"uc_active bbb ue_accordion_icon\"><i class='fas fa-minus'><\/i><\/span>\n    <div class=\"ue_heading_title\">Soutien Continu<\/div>\n  <\/a>\n  \n  <div class=\"uc_content\" >\n        \n      \n         \n                      \n      \n              <div class=\"ue-item-text\"><p><span style=\"font-weight: 400;\">Notre engagement ne s'arr\u00eate pas \u00e0 la fin d'un atelier ou d'une consultation. Nous restons disponibles pour vous soutenir dans votre cheminement vers le bien-\u00eatre et r\u00e9pondre \u00e0 vos questions.<\/span><\/p><\/div>\n      \n              \n      <\/div> \n<\/div>\n\n  <\/div>\n<\/div>\n\n\n<!-- end Content Accordion -->\t\t\t\t<\/div>\n\t\t\t\t<\/div>\n\t\t\t\t<\/div>\n\t\t\t\t\t<\/div>\n\t\t\t\t<\/div>\n\t\t\t\t<\/div>\n\t\t","protected":false},"excerpt":{"rendered":"<p>\u00c0 propos d&rsquo;Apsara Ayurveda Des racines ancestrales \u00e0 l&rsquo;\u00e9panouissement personnel Bonjour et bienvenue sur mon site ! Je m&rsquo;appelle\u00a0Evelyne Viblanc, et je suis th\u00e9rapeute corporel et nutritionniste sp\u00e9cialis\u00e9e en Ayurveda. \u00c0 36 ans, je suis anim\u00e9e par une passion profonde pour l&rsquo;\u00e9quilibre du corps et de l&rsquo;esprit, guid\u00e9e par les principes ancestraux de l&rsquo;Ayurveda.D&rsquo;origine indienne, tha\u00eflandaise et cambodgienne, je suis fi\u00e8re de puiser dans la richesse culturelle de mes anc\u00eatres pour vous offrir une approche authentique du bien-\u00eatre. Mon parcours m&rsquo;a amen\u00e9e \u00e0 m&rsquo;instruire et \u00e0 me perfectionner en Tha\u00eflande et en Inde, o\u00f9 je continue de me former activement aux techniques de massage traditionnelles. Cette qu\u00eate incessante de connaissance me permet de vous proposer des soins \u00e0 la fois modernes et enracin\u00e9s dans une tradition mill\u00e9naire. Contactez-moi La mission d&rsquo;Apsara Ma mission est de promouvoir le bien-\u00eatre holistique \u00e0 travers l&rsquo;Ayurveda. J&rsquo;organise des ateliers interactifs et propose des consultations personnalis\u00e9es pour aider chacun, particuliers et professionnels, \u00e0 int\u00e9grer les principes ayurv\u00e9diques dans leur vie quotidienne. Mon objectif est de guider mes clients vers une sant\u00e9 optimale et un \u00e9quilibre int\u00e9rieur en utilisant des m\u00e9thodes naturelles et ancestrales adapt\u00e9es \u00e0 leurs besoins individuels. La vision d&rsquo;Apsara Ma vision est de cr\u00e9er une communaut\u00e9 o\u00f9 le bien-\u00eatre holistique est accessible \u00e0 tous. Je r\u00eave d&rsquo;un monde o\u00f9 chacun peut trouver l&rsquo;harmonie entre le corps, l&rsquo;esprit et l&rsquo;\u00e2me gr\u00e2ce \u00e0 l&rsquo;Ayurveda. En inspirant et en \u00e9duquant les individualit\u00e9s, je souhaite contribuer \u00e0 une soci\u00e9t\u00e9 plus saine et \u00e9quilibr\u00e9e, o\u00f9 les m\u00e9thodes naturelles sont reconnues et valoris\u00e9es pour leur efficacit\u00e9 et leur sagesse intemporelle. Pourquoi choisir Apsara ? Expertise et Passion Forts de notre exp\u00e9rience et de notre passion pour l&rsquo;Ayurveda, nous vous offrons un accompagnement de qualit\u00e9, fond\u00e9 sur des connaissances approfondies et actualis\u00e9es. Approche Holistique Nos ateliers et consultations prennent en compte l&rsquo;ensemble de votre \u00eatre,\u00a0 corps, esprit et \u00e2me, pour vous aider \u00e0 atteindre un bien-\u00eatre global et durable. Personnalisation Chaque individu est unique, c&rsquo;est pourquoi nous adaptons nos recommandations et nos interventions \u00e0 vos besoins sp\u00e9cifiques. M\u00e9thodes Naturelles Nous privil\u00e9gions des m\u00e9thodes naturelles et ancestrales, respectueuses de votre corps et de l&rsquo;environnement, pour vous aider \u00e0 retrouver et \u00e0 maintenir votre \u00e9quilibre. Soutien Continu Notre engagement ne s&rsquo;arr\u00eate pas \u00e0 la fin d&rsquo;un atelier ou d&rsquo;une consultation. Nous restons disponibles pour vous soutenir dans votre cheminement vers le bien-\u00eatre et r\u00e9pondre \u00e0 vos questions.<\/p>\n","protected":false},"author":1,"featured_media":0,"parent":0,"menu_order":0,"comment_status":"closed","ping_status":"closed","template":"elementor_header_footer","meta":{"ocean_post_layout":"","ocean_both_sidebars_style":"","ocean_both_sidebars_content_width":0,"ocean_both_sidebars_sidebars_width":0,"ocean_sidebar":"","ocean_second_sidebar":"","ocean_disable_margins":"enable","ocean_add_body_class":"","ocean_shortcode_before_top_bar":"","ocean_shortcode_after_top_bar":"","ocean_shortcode_before_header":"","ocean_shortcode_after_header":"","ocean_has_shortcode":"","ocean_shortcode_after_title":"","ocean_shortcode_before_footer_widgets":"","ocean_shortcode_after_footer_widgets":"","ocean_shortcode_before_footer_bottom":"","ocean_shortcode_after_footer_bottom":"","ocean_display_top_bar":"off","ocean_display_header":"off","ocean_header_style":"","ocean_center_header_left_menu":"","ocean_custom_header_template":"","ocean_custom_logo":0,"ocean_custom_retina_logo":0,"ocean_custom_logo_max_width":0,"ocean_custom_logo_tablet_max_width":0,"ocean_custom_logo_mobile_max_width":0,"ocean_custom_logo_max_height":0,"ocean_custom_logo_tablet_max_height":0,"ocean_custom_logo_mobile_max_height":0,"ocean_header_custom_menu":"","ocean_menu_typo_font_family":"","ocean_menu_typo_font_subset":"","ocean_menu_typo_font_size":0,"ocean_menu_typo_font_size_tablet":0,"ocean_menu_typo_font_size_mobile":0,"ocean_menu_typo_font_size_unit":"px","ocean_menu_typo_font_weight":"","ocean_menu_typo_font_weight_tablet":"","ocean_menu_typo_font_weight_mobile":"","ocean_menu_typo_transform":"","ocean_menu_typo_transform_tablet":"","ocean_menu_typo_transform_mobile":"","ocean_menu_typo_line_height":0,"ocean_menu_typo_line_height_tablet":0,"ocean_menu_typo_line_height_mobile":0,"ocean_menu_typo_line_height_unit":"","ocean_menu_typo_spacing":0,"ocean_menu_typo_spacing_tablet":0,"ocean_menu_typo_spacing_mobile":0,"ocean_menu_typo_spacing_unit":"","ocean_menu_link_color":"","ocean_menu_link_color_hover":"","ocean_menu_link_color_active":"","ocean_menu_link_background":"","ocean_menu_link_hover_background":"","ocean_menu_link_active_background":"","ocean_menu_social_links_bg":"","ocean_menu_social_hover_links_bg":"","ocean_menu_social_links_color":"","ocean_menu_social_hover_links_color":"","ocean_disable_title":"on","ocean_disable_heading":"default","ocean_post_title":"","ocean_post_subheading":"","ocean_post_title_style":"","ocean_post_title_background_color":"","ocean_post_title_background":0,"ocean_post_title_bg_image_position":"","ocean_post_title_bg_image_attachment":"","ocean_post_title_bg_image_repeat":"","ocean_post_title_bg_image_size":"","ocean_post_title_height":0,"ocean_post_title_bg_overlay":0.5,"ocean_post_title_bg_overlay_color":"","ocean_disable_breadcrumbs":"default","ocean_breadcrumbs_color":"","ocean_breadcrumbs_separator_color":"","ocean_breadcrumbs_links_color":"","ocean_breadcrumbs_links_hover_color":"","ocean_display_footer_widgets":"off","ocean_display_footer_bottom":"off","ocean_custom_footer_template":"","footnotes":""},"class_list":["post-82","page","type-page","status-publish","hentry","entry"],"_links":{"self":[{"href":"https:\/\/apsara-ayurveda.com\/index.php\/wp-json\/wp\/v2\/pages\/82","targetHints":{"allow":["GET"]}}],"collection":[{"href":"https:\/\/apsara-ayurveda.com\/index.php\/wp-json\/wp\/v2\/pages"}],"about":[{"href":"https:\/\/apsara-ayurveda.com\/index.php\/wp-json\/wp\/v2\/types\/page"}],"author":[{"embeddable":true,"href":"https:\/\/apsara-ayurveda.com\/index.php\/wp-json\/wp\/v2\/users\/1"}],"replies":[{"embeddable":true,"href":"https:\/\/apsara-ayurveda.com\/index.php\/wp-json\/wp\/v2\/comments?post=82"}],"version-history":[{"count":213,"href":"https:\/\/apsara-ayurveda.com\/index.php\/wp-json\/wp\/v2\/pages\/82\/revisions"}],"predecessor-version":[{"id":2579,"href":"https:\/\/apsara-ayurveda.com\/index.php\/wp-json\/wp\/v2\/pages\/82\/revisions\/2579"}],"wp:attachment":[{"href":"https:\/\/apsara-ayurveda.com\/index.php\/wp-json\/wp\/v2\/media?parent=82"}],"curies":[{"name":"wp","href":"https:\/\/api.w.org\/{rel}","templated":true}]}}